{"id":67,"date":"2025-09-22T07:14:35","date_gmt":"2025-09-22T07:14:35","guid":{"rendered":"https:\/\/laajakaista.fi\/?page_id=67"},"modified":"2025-10-29T12:38:15","modified_gmt":"2025-10-29T12:38:15","slug":"laajakaista","status":"publish","type":"page","link":"https:\/\/laajakaista.fi\/en\/","title":{"rendered":"Laajakaista"},"content":{"rendered":"<style>.kb-row-layout-wrap.wp-block-kadence-rowlayout.kb-row-layout-id67_6ad488-ec{margin-top:80px;margin-bottom:100px;}.kb-row-layout-id67_6ad488-ec > .kt-row-column-wrap{align-content:start;}:where(.kb-row-layout-id67_6ad488-ec > .kt-row-column-wrap) > .wp-block-kadence-column{justify-content:start;}.kb-row-layout-id67_6ad488-ec > .kt-row-column-wrap{column-gap:var(--global-kb-gap-md, 2rem);row-gap:var(--global-kb-gap-md, 2rem);max-width:var( --global-content-width, 1290px );padding-left:var(--global-content-edge-padding);padding-right:var(--global-content-edge-padding);padding-top:0px;padding-right:0px;padding-bottom:0px;padding-left:0px;grid-template-columns:minmax(0, 1fr);}.kb-row-layout-id67_6ad488-ec > .kt-row-layout-overlay{opacity:0.30;}@media all and (max-width: 1024px){.kb-row-layout-id67_6ad488-ec > .kt-row-column-wrap{padding-top:0px;padding-right:20px;padding-bottom:60px;padding-left:20px;grid-template-columns:minmax(0, 1fr);}}@media all and (max-width: 767px){.kb-row-layout-wrap.wp-block-kadence-rowlayout.kb-row-layout-id67_6ad488-ec{margin-top:50px;margin-bottom:0px;}.kb-row-layout-id67_6ad488-ec > .kt-row-column-wrap{padding-top:0px;padding-right:0px;padding-bottom:0px;padding-left:0px;grid-template-columns:minmax(0, 1fr);}}.kb-row-layout-id67_6ad488-ec .main-image {width: 350px;}.kb-row-layout-id67_6ad488-ec .img-style {position: absolute;border-radius: 20px;box-shadow: 20px 20px 80px 0px rgba(27, 0, 79, 0.27);}.kb-row-layout-id67_6ad488-ec .pink-image {left: 10px;top: -59px;}.kb-row-layout-id67_6ad488-ec .white-image {left: 442px;top: 165px;}.kb-row-layout-id67_6ad488-ec .yellow-image {left: 77.7px;top: 269.7px;z-index: 100;}<\/style><div class=\"kb-row-layout-wrap kb-row-layout-id67_6ad488-ec alignnone wp-block-kadence-rowlayout\"><div class=\"kt-row-column-wrap kt-has-1-columns kt-row-layout-equal kt-tab-layout-inherit kt-mobile-layout-row kt-row-valign-top kb-theme-content-width\">\n<style>.kadence-column67_772d47-5c > .kt-inside-inner-col{padding-top:50px;padding-right:80px;padding-bottom:50px;padding-left:80px;}.kadence-column67_772d47-5c > .kt-inside-inner-col{box-shadow:0px 50px 80px 0px rgba(27, 0, 79, 0.14);}.kadence-column67_772d47-5c > .kt-inside-inner-col,.kadence-column67_772d47-5c > .kt-inside-inner-col:before{border-top-left-radius:20px;border-top-right-radius:20px;border-bottom-right-radius:20px;border-bottom-left-radius:20px;}.kadence-column67_772d47-5c > .kt-inside-inner-col{column-gap:var(--global-kb-gap-sm, 1rem);}.kadence-column67_772d47-5c > .kt-inside-inner-col{flex-direction:column;}.kadence-column67_772d47-5c > .kt-inside-inner-col > .aligncenter{width:100%;}.kadence-column67_772d47-5c > .kt-inside-inner-col:before{opacity:0.36;background-image:linear-gradient(90deg,rgb(2,32,44) 0%,rgb(0,8,42) 100%);}.kadence-column67_772d47-5c{position:relative;}@media all and (max-width: 1024px){.kadence-column67_772d47-5c > .kt-inside-inner-col{padding-top:0px;padding-right:0px;padding-bottom:0px;padding-left:0px;flex-direction:column;justify-content:center;}}@media all and (max-width: 767px){.kadence-column67_772d47-5c > .kt-inside-inner-col{flex-direction:column;justify-content:center;}}<\/style>\n<div class=\"wp-block-kadence-column kadence-column67_772d47-5c kb-section-has-overlay inner-column-1\" id=\"i\"><div class=\"kt-inside-inner-col\"><style>.kb-row-layout-id67_ba95b2-c0 > .kt-row-column-wrap{align-content:center;}:where(.kb-row-layout-id67_ba95b2-c0 > .kt-row-column-wrap) > .wp-block-kadence-column{justify-content:center;}.kb-row-layout-id67_ba95b2-c0 > .kt-row-column-wrap{column-gap:var(--global-kb-gap-none, 0rem );row-gap:var(--global-kb-gap-md, 2rem);max-width:1140px;margin-left:auto;margin-right:auto;padding-top:0px;padding-right:0px;padding-bottom:0px;padding-left:0px;grid-template-columns:minmax(0, calc(60% - ((var(--global-kb-gap-none, 0rem ) * 1 )\/2)))minmax(0, calc(40% - ((var(--global-kb-gap-none, 0rem ) * 1 )\/2)));}.kb-row-layout-id67_ba95b2-c0 > .kt-row-layout-overlay{opacity:0.30;}@media all and (max-width: 1024px){.kb-row-layout-id67_ba95b2-c0 > .kt-row-column-wrap{grid-template-columns:minmax(0, 1fr);}}@media all and (max-width: 767px){.kb-row-layout-id67_ba95b2-c0 > .kt-row-column-wrap{grid-template-columns:minmax(0, 1fr);}}<\/style><div class=\"kb-row-layout-wrap kb-row-layout-id67_ba95b2-c0 alignnone wp-block-kadence-rowlayout\"><div class=\"kt-row-column-wrap kt-has-2-columns kt-row-layout-equal kt-tab-layout-row kt-mobile-layout-row kt-row-valign-middle\">\n<style>.kadence-column67_79fd09-64 > .kt-inside-inner-col{display:flex;}.kadence-column67_79fd09-64 > .kt-inside-inner-col{padding-top:10px;padding-right:10px;padding-bottom:10px;padding-left:10px;}.kadence-column67_79fd09-64 > .kt-inside-inner-col,.kadence-column67_79fd09-64 > .kt-inside-inner-col:before{border-top-left-radius:0px;border-top-right-radius:0px;border-bottom-right-radius:0px;border-bottom-left-radius:0px;}.kadence-column67_79fd09-64 > .kt-inside-inner-col{column-gap:var(--global-kb-gap-sm, 1rem);}.kadence-column67_79fd09-64 > .kt-inside-inner-col{flex-direction:column;justify-content:center;}.kadence-column67_79fd09-64 > .kt-inside-inner-col > .aligncenter{width:100%;}.kt-row-column-wrap > .kadence-column67_79fd09-64{align-self:center;}.kt-inner-column-height-full:not(.kt-has-1-columns) > .wp-block-kadence-column.kadence-column67_79fd09-64{align-self:auto;}.kt-inner-column-height-full:not(.kt-has-1-columns) > .wp-block-kadence-column.kadence-column67_79fd09-64 > .kt-inside-inner-col{flex-direction:column;justify-content:center;}.kadence-column67_79fd09-64 > .kt-inside-inner-col:before{opacity:0.3;}.kadence-column67_79fd09-64{position:relative;}@media all and (max-width: 1024px){.kadence-column67_79fd09-64 > .kt-inside-inner-col{padding-top:70px;padding-right:60px;padding-bottom:60px;padding-left:60px;flex-direction:column;justify-content:center;}}@media all and (max-width: 1024px){.kt-row-column-wrap > .kadence-column67_79fd09-64{align-self:center;}}@media all and (max-width: 1024px){.kt-inner-column-height-full:not(.kt-has-1-columns) > .wp-block-kadence-column.kadence-column67_79fd09-64{align-self:auto;}}@media all and (max-width: 1024px){.kt-inner-column-height-full:not(.kt-has-1-columns) > .wp-block-kadence-column.kadence-column67_79fd09-64 > .kt-inside-inner-col{flex-direction:column;justify-content:center;}}@media all and (max-width: 767px){.kadence-column67_79fd09-64 > .kt-inside-inner-col{padding-top:50px;padding-right:20px;padding-bottom:40px;padding-left:20px;flex-direction:column;justify-content:center;}.kt-row-column-wrap > .kadence-column67_79fd09-64{align-self:center;}.kt-inner-column-height-full:not(.kt-has-1-columns) > .wp-block-kadence-column.kadence-column67_79fd09-64{align-self:auto;}.kt-inner-column-height-full:not(.kt-has-1-columns) > .wp-block-kadence-column.kadence-column67_79fd09-64 > .kt-inside-inner-col{flex-direction:column;justify-content:center;}}<\/style>\n<div class=\"wp-block-kadence-column kadence-column67_79fd09-64 inner-column-1\"><div class=\"kt-inside-inner-col\">\n<h2 class=\"wp-block-heading has-theme-palette-9-color has-text-color has-link-color wp-elements-5acf40e51b1e3daf7c4a84b1a77ac9a4\"><strong>This site has been created to determine the speed of broadband connections in housing companies.<\/strong><\/h2>\n\n\n<style>.wp-block-kadence-spacer.kt-block-spacer-67_8dacbb-b5 .kt-block-spacer{height:60px;}.wp-block-kadence-spacer.kt-block-spacer-67_8dacbb-b5 .kt-divider{border-top-width:1px;height:1px;border-top-color:#eee;width:80%;border-top-style:solid;}<\/style>\n<div class=\"wp-block-kadence-spacer aligncenter kt-block-spacer-67_8dacbb-b5\"><div class=\"kt-block-spacer kt-block-spacer-halign-center\"><hr class=\"kt-divider\"\/><\/div><\/div>\n\n\n\n<p class=\"has-theme-palette-9-color has-text-color has-link-color wp-elements-d3ae0e7dae82d6a9cff5a99f4a19c0aa\">A survey will be delivered to the residents through the property manager. The survey will be sent by email or another agreed method, and it will include a link to the questionnaire on this site.<br><br>The web address of the survey includes the housing company\u2019s address so that the responses are matched to the correct company.<\/p>\n\n\n\n<p class=\"has-theme-palette-9-color has-text-color has-link-color wp-elements-71dfae4b5ae9e87058c46e74db7ad0d7\"><br>The information is used to map the current state of broadband connections and to plan possible improvements.<\/p>\n<\/div><\/div>\n\n\n<style>.kadence-column67_2e6f1b-ba > .kt-inside-inner-col{display:flex;}.kadence-column67_2e6f1b-ba > .kt-inside-inner-col{padding-top:10px;padding-right:20px;padding-bottom:10px;padding-left:20px;}.kadence-column67_2e6f1b-ba > .kt-inside-inner-col,.kadence-column67_2e6f1b-ba > .kt-inside-inner-col:before{border-top-left-radius:0px;border-top-right-radius:0px;border-bottom-right-radius:0px;border-bottom-left-radius:0px;}.kadence-column67_2e6f1b-ba > .kt-inside-inner-col{column-gap:var(--global-kb-gap-sm, 1rem);}.kadence-column67_2e6f1b-ba > .kt-inside-inner-col{flex-direction:column;align-items:flex-end;}.kadence-column67_2e6f1b-ba > .kt-inside-inner-col > .kb-image-is-ratio-size{align-self:stretch;}.kadence-column67_2e6f1b-ba > .kt-inside-inner-col > .wp-block-kadence-advancedgallery{align-self:stretch;}.kadence-column67_2e6f1b-ba > .kt-inside-inner-col > .aligncenter{width:100%;}.kadence-column67_2e6f1b-ba > .kt-inside-inner-col:before{opacity:0.3;}.kadence-column67_2e6f1b-ba{position:relative;}@media all and (max-width: 1024px){.kadence-column67_2e6f1b-ba > .kt-inside-inner-col{padding-top:20px;padding-right:0px;padding-bottom:100px;padding-left:0px;flex-direction:column;justify-content:center;align-items:flex-end;}}@media all and (max-width: 1024px){.kadence-column67_2e6f1b-ba, .kt-inside-inner-col > .kadence-column67_2e6f1b-ba:not(.specificity){margin-right:25%;margin-left:25%;}}@media all and (max-width: 767px){.kadence-column67_2e6f1b-ba > .kt-inside-inner-col{padding-top:20px;padding-right:30px;padding-bottom:30px;padding-left:30px;flex-direction:column;justify-content:center;align-items:flex-end;}.kadence-column67_2e6f1b-ba, .kt-inside-inner-col > .kadence-column67_2e6f1b-ba:not(.specificity){margin-right:0%;margin-left:0%;}}.kadence-column67_2e6f1b-ba {position: relative;}<\/style>\n<div class=\"wp-block-kadence-column kadence-column67_2e6f1b-ba kvs-md-false kvs-sm-false inner-column-2\"><div class=\"kt-inside-inner-col\">\n<figure class=\"wp-block-image size-full sc-rounded\"><img loading=\"lazy\" decoding=\"async\" width=\"767\" height=\"942\" src=\"https:\/\/laajakaista.fi\/wp-content\/uploads\/2025\/09\/talonetti.jpeg\" alt=\"\" class=\"wp-image-70\" srcset=\"https:\/\/laajakaista.fi\/wp-content\/uploads\/2025\/09\/talonetti.jpeg 767w, https:\/\/laajakaista.fi\/wp-content\/uploads\/2025\/09\/talonetti-244x300.jpeg 244w, https:\/\/laajakaista.fi\/wp-content\/uploads\/2025\/09\/talonetti-10x12.jpeg 10w\" sizes=\"auto, (max-width: 767px) 100vw, 767px\" \/><\/figure>\n<\/div><\/div>\n\n<\/div><\/div><\/div><\/div>\n\n<\/div><\/div>","protected":false},"excerpt":{"rendered":"<p>T\u00e4m\u00e4 sivusto on luotu taloyhti\u00f6iden laajakaistayhteyksien nopeuden selvitt\u00e4miseksi. Asukkaille toimitetaan kysely is\u00e4nn\u00f6itsij\u00e4n kautta. Kysely l\u00e4hetet\u00e4\u00e4n s\u00e4hk\u00f6postitse tai muulla sovitulla tavalla, ja siin\u00e4 on linkki t\u00e4m\u00e4n sivuston kyselyyn. Kyselyn verkkosivun osoitteessa on mukana taloyhti\u00f6n osoite, jotta vastaukset kohdistuvat oikeaan yhti\u00f6\u00f6n. Tietoja k\u00e4ytet\u00e4\u00e4n laajakaistayhteyksien nykytilan kartoittamiseen ja mahdollisten parannustoimenpiteiden suunnitteluun.<\/p>","protected":false},"author":1,"featured_media":0,"parent":0,"menu_order":0,"comment_status":"closed","ping_status":"closed","template":"","meta":{"_kadence_starter_templates_imported_post":false,"_kad_post_transparent":"disable","_kad_post_title":"hide","_kad_post_layout":"fullwidth","_kad_post_sidebar_id":"","_kad_post_content_style":"unboxed","_kad_post_vertical_padding":"hide","_kad_post_feature":"hide","_kad_post_feature_position":"","_kad_post_header":false,"_kad_post_footer":false,"footnotes":""},"class_list":["post-67","page","type-page","status-publish","hentry"],"_links":{"self":[{"href":"https:\/\/laajakaista.fi\/en\/wp-json\/wp\/v2\/pages\/67","targetHints":{"allow":["GET"]}}],"collection":[{"href":"https:\/\/laajakaista.fi\/en\/wp-json\/wp\/v2\/pages"}],"about":[{"href":"https:\/\/laajakaista.fi\/en\/wp-json\/wp\/v2\/types\/page"}],"author":[{"embeddable":true,"href":"https:\/\/laajakaista.fi\/en\/wp-json\/wp\/v2\/users\/1"}],"replies":[{"embeddable":true,"href":"https:\/\/laajakaista.fi\/en\/wp-json\/wp\/v2\/comments?post=67"}],"version-history":[{"count":6,"href":"https:\/\/laajakaista.fi\/en\/wp-json\/wp\/v2\/pages\/67\/revisions"}],"predecessor-version":[{"id":78,"href":"https:\/\/laajakaista.fi\/en\/wp-json\/wp\/v2\/pages\/67\/revisions\/78"}],"wp:attachment":[{"href":"https:\/\/laajakaista.fi\/en\/wp-json\/wp\/v2\/media?parent=67"}],"curies":[{"name":"wp","href":"https:\/\/api.w.org\/{rel}","templated":true}]}}